{"id":160,"date":"2022-03-07T17:18:34","date_gmt":"2022-03-07T16:18:34","guid":{"rendered":"https:\/\/v-comp.ch.webhost.v-comp.ch\/?page_id=160"},"modified":"2023-03-26T17:11:22","modified_gmt":"2023-03-26T15:11:22","slug":"web-csomagok","status":"publish","type":"page","link":"https:\/\/www.v-comp.hu\/?page_id=160","title":{"rendered":"Web csomagok"},"content":{"rendered":"\n<div class=\"wp-block-columns is-layout-flex wp-container-core-columns-is-layout-9d6595d7 wp-block-columns-is-layout-flex\">\n<div class=\"wp-block-column is-layout-flow wp-block-column-is-layout-flow\" style=\"flex-basis:33.33%\">\n<figure class=\"wp-block-image size-full\"><img loading=\"lazy\" decoding=\"async\" width=\"400\" height=\"148\" src=\"https:\/\/v-comp.ch.webhost.v-comp.ch\/wp-content\/uploads\/2022\/03\/globalis.jpg\" alt=\"\" class=\"wp-image-197\" srcset=\"https:\/\/www.v-comp.hu\/wp-content\/uploads\/2022\/03\/globalis.jpg 400w, https:\/\/www.v-comp.hu\/wp-content\/uploads\/2022\/03\/globalis-300x111.jpg 300w\" sizes=\"auto, (max-width: 400px) 85vw, 400px\" \/><\/figure>\n<\/div>\n\n\n\n<div class=\"wp-block-column is-layout-flow wp-block-column-is-layout-flow\" style=\"flex-basis:66.66%\">\n<p class=\"has-text-align-justify\">A web szolg\u00e1ltat\u00e1saink k\u00f6z\u00f6tt biztos\u00edtjuk a sz\u00fckseges m\u0171k\u00f6d\u00e9si felt\u00e9teleket. V\u00e1llaljuk magyar \u00e9s nemzetk\u00f6zi domain-ek regisztr\u00e1ci\u00f3j\u00e1t, a domainhez k\u00f6t\u00f6d\u0151 web oldalak \u00e9s email postafi\u00f3kok host szolg\u00e1ltat\u00e1s\u00e1t.<\/p>\n\n\n\n<p class=\"has-text-align-justify\">A web host szolg\u00e1ltat\u00e1sokat 3 csoportba s\u0171r\u00edtett\u00fck. A csomagok seg\u00edts\u00e9g\u00e9vel lehet\u0151s\u00e9g van egyszer\u0171 statikus web oldalak megval\u00f3s\u00edt\u00e1s\u00e1ra optimaliz\u00e1lt szolg\u00e1ltat\u00e1s v\u00e1laszt\u00e1s\u00e1ra. A nagyobb csomagok adatb\u00e1zis t\u00e1mogat\u00e1ssal m\u0171k\u00f6d\u0151 f\u00f3rum, blog alkalmaz\u00e1sok \u00fczemeltet\u00e9s\u00e9t is lehet\u0151 teszik, m\u00edg a legb\u0151vebb szolg\u00e1ltat\u00e1st ny\u00fajt\u00f3 csomag a biztons\u00e1got is szem el\u0151tt tartva napi ment\u00e9st biztos\u00edt mind az adatb\u00e1zisr\u00f3l, mind a web k\u00f6nyt\u00e1rban elhelyezett fileokr\u00f3l.<\/p>\n\n\n\n<p class=\"has-text-align-justify\">A szolg\u00e1ltat\u00e1sok biztos\u00edtj\u00e1k a web server log-okhoz val\u00f3 hozz\u00e1f\u00e9r\u00e9st.<\/p>\n\n\n\n<p class=\"has-text-align-justify\">Minden web serverhez biztos\u00edtjuk a biztons\u00e1gos el\u00e9r\u00e9shez sz\u00fcks\u00e9ges tan\u00fas\u00edtv\u00e1nyokat \u00e9s ezek rendszeres, automatiz\u00e1lt friss\u00edt\u00e9s\u00e9t is.<\/p>\n<\/div>\n<\/div>\n","protected":false},"excerpt":{"rendered":"<p>A web szolg\u00e1ltat\u00e1saink k\u00f6z\u00f6tt biztos\u00edtjuk a sz\u00fckseges m\u0171k\u00f6d\u00e9si felt\u00e9teleket. V\u00e1llaljuk magyar \u00e9s nemzetk\u00f6zi domain-ek regisztr\u00e1ci\u00f3j\u00e1t, a domainhez k\u00f6t\u00f6d\u0151 web oldalak \u00e9s email postafi\u00f3kok host szolg\u00e1ltat\u00e1s\u00e1t. A web host szolg\u00e1ltat\u00e1sokat 3 csoportba s\u0171r\u00edtett\u00fck. A csomagok seg\u00edts\u00e9g\u00e9vel lehet\u0151s\u00e9g van egyszer\u0171 statikus web oldalak megval\u00f3s\u00edt\u00e1s\u00e1ra optimaliz\u00e1lt szolg\u00e1ltat\u00e1s v\u00e1laszt\u00e1s\u00e1ra. A nagyobb csomagok adatb\u00e1zis t\u00e1mogat\u00e1ssal m\u0171k\u00f6d\u0151 f\u00f3rum, blog alkalmaz\u00e1sok \u00fczemeltet\u00e9s\u00e9t &hellip; <a href=\"https:\/\/www.v-comp.hu\/?page_id=160\" class=\"more-link\">Continue reading<span class=\"screen-reader-text\"> &#8220;Web csomagok&#8221;<\/span><\/a><\/p>\n","protected":false},"author":1,"featured_media":0,"parent":0,"menu_order":0,"comment_status":"closed","ping_status":"closed","template":"","meta":{"_editorskit_title_hidden":false,"_editorskit_reading_time":1,"_editorskit_is_block_options_detached":false,"_editorskit_block_options_position":"{}","footnotes":""},"class_list":["post-160","page","type-page","status-publish","hentry"],"_links":{"self":[{"href":"https:\/\/www.v-comp.hu\/index.php?rest_route=\/wp\/v2\/pages\/160","targetHints":{"allow":["GET"]}}],"collection":[{"href":"https:\/\/www.v-comp.hu\/index.php?rest_route=\/wp\/v2\/pages"}],"about":[{"href":"https:\/\/www.v-comp.hu\/index.php?rest_route=\/wp\/v2\/types\/page"}],"author":[{"embeddable":true,"href":"https:\/\/www.v-comp.hu\/index.php?rest_route=\/wp\/v2\/users\/1"}],"replies":[{"embeddable":true,"href":"https:\/\/www.v-comp.hu\/index.php?rest_route=%2Fwp%2Fv2%2Fcomments&post=160"}],"version-history":[{"count":3,"href":"https:\/\/www.v-comp.hu\/index.php?rest_route=\/wp\/v2\/pages\/160\/revisions"}],"predecessor-version":[{"id":770,"href":"https:\/\/www.v-comp.hu\/index.php?rest_route=\/wp\/v2\/pages\/160\/revisions\/770"}],"wp:attachment":[{"href":"https:\/\/www.v-comp.hu\/index.php?rest_route=%2Fwp%2Fv2%2Fmedia&parent=160"}],"curies":[{"name":"wp","href":"https:\/\/api.w.org\/{rel}","templated":true}]}}