{"id":29,"date":"2022-03-07T13:48:56","date_gmt":"2022-03-07T12:48:56","guid":{"rendered":"https:\/\/v-comp.ch.webhost.v-comp.ch\/?page_id=29"},"modified":"2022-03-27T21:34:44","modified_gmt":"2022-03-27T19:34:44","slug":"willkommen-bei-v-comp","status":"publish","type":"page","link":"https:\/\/www.v-comp.hu\/","title":{"rendered":""},"content":{"rendered":"\n<div class=\"wp-block-columns is-layout-flex wp-container-core-columns-is-layout-9d6595d7 wp-block-columns-is-layout-flex\">\n<div class=\"wp-block-column is-layout-flow wp-block-column-is-layout-flow\" style=\"flex-basis:33.33%\">\n<p class=\"has-text-align-center\">Informatikai tan\u00e1csad\u00e1s<br>Projektbonyol\u00edt\u00e1s<br>Engineering<br>Szolg\u00e1ltat\u00e1s \u00e9s<br>Alkalmaz\u00e1smanagement<\/p>\n\n\n\n<p class=\"has-text-align-center\">Tel.: +36(30)944-9637<br>E-mail: <a href=\"mailto:office@v-comp.hu\" target=\"_blank\" rel=\"noreferrer noopener\">office@v-comp.hu<\/a><\/p>\n<\/div>\n\n\n\n<div class=\"wp-block-column is-layout-flow wp-block-column-is-layout-flow\" style=\"flex-basis:66.66%\">\n<div class=\"wp-block-image\"><figure class=\"alignleft size-full is-resized\"><a href=\"https:\/\/www.v-comp.hu\/?page_id=79\"><img decoding=\"async\" src=\"https:\/\/www.v-comp.hu\/wp-content\/uploads\/2022\/03\/rolunk-hu.jpg\" alt=\"\" class=\"wp-image-50\" width=\"400\" srcset=\"https:\/\/www.v-comp.hu\/wp-content\/uploads\/2022\/03\/rolunk-hu.jpg 305w, https:\/\/www.v-comp.hu\/wp-content\/uploads\/2022\/03\/rolunk-hu-300x138.jpg 300w\" sizes=\"(max-width: 305px) 85vw, 305px\" \/><\/a><figcaption>R\u00f3lunk<br><a href=\"https:\/\/www.v-comp.hu\/?page_id=79&amp;lang=hu\" data-type=\"page\" data-id=\"79\">C\u00e9gportr\u00e9 <\/a>&#8211; <a href=\"https:\/\/www.v-comp.hu\/?page_id=81&amp;lang=hu\" data-type=\"page\" data-id=\"81\">Partnerek <\/a>&#8211; <a href=\"https:\/\/www.v-comp.hu\/?page_id=88&amp;lang=hu\" data-type=\"page\" data-id=\"88\">Megk\u00f6zel\u00edt\u00e9s <\/a>&#8211; <a href=\"https:\/\/www.v-comp.hu\/?page_id=90&amp;lang=hu\" data-type=\"page\" data-id=\"90\">Kapcsolat<\/a><\/figcaption><\/figure><\/div>\n\n\n\n<div class=\"wp-block-image\"><figure class=\"alignleft size-full is-resized\"><a href=\"https:\/\/www.v-comp.hu\/?page_id=156\"><img decoding=\"async\" src=\"https:\/\/v-comp.ch.webhost.v-comp.ch\/wp-content\/uploads\/2022\/03\/szolgaltatasok.jpg\" alt=\"\" class=\"wp-image-33\" width=\"400\" srcset=\"https:\/\/www.v-comp.hu\/wp-content\/uploads\/2022\/03\/szolgaltatasok.jpg 305w, https:\/\/www.v-comp.hu\/wp-content\/uploads\/2022\/03\/szolgaltatasok-300x138.jpg 300w\" sizes=\"(max-width: 305px) 85vw, 305px\" \/><\/a><figcaption>Szolg\u00e1ltat\u00e1sok<br> <a href=\"https:\/\/www.v-comp.hu\/?page_id=156&amp;lang=hu\" data-type=\"page\" data-id=\"156\">Tan\u00e1csad\u00e1s <\/a>&#8211; <a href=\"https:\/\/www.v-comp.hu\/?page_id=158&amp;lang=hu\" data-type=\"page\" data-id=\"158\">Integr\u00e1ci\u00f3 <\/a>&#8211; <a href=\"https:\/\/www.v-comp.hu\/?page_id=168&amp;lang=hu\" data-type=\"page\" data-id=\"168\">\u00dczemeltet\u00e9s <\/a>&#8211; <a href=\"https:\/\/www.v-comp.hu\/?page_id=160&amp;lang=hu\" data-type=\"page\" data-id=\"160\">Web csomagok<\/a><br><\/figcaption><\/figure><\/div>\n\n\n\n<div class=\"wp-block-image\"><figure class=\"alignleft size-full is-resized\"><a href=\"https:\/\/www.v-comp.hu\/?page_id=162\"><img decoding=\"async\" src=\"https:\/\/v-comp.ch.webhost.v-comp.ch\/wp-content\/uploads\/2022\/03\/aktualitasok.jpg\" alt=\"\" class=\"wp-image-30\" width=\"400\" srcset=\"https:\/\/www.v-comp.hu\/wp-content\/uploads\/2022\/03\/aktualitasok.jpg 305w, https:\/\/www.v-comp.hu\/wp-content\/uploads\/2022\/03\/aktualitasok-300x138.jpg 300w\" sizes=\"(max-width: 305px) 85vw, 305px\" \/><\/a><figcaption>Aktualit\u00e1sok<br><a href=\"https:\/\/www.v-comp.hu\/?page_id=162&amp;lang=hu\" data-type=\"page\" data-id=\"162\">H\u00edrek <\/a>&#8211; <a href=\"https:\/\/www.v-comp.hu\/?page_id=164&amp;lang=hu\" data-type=\"page\" data-id=\"164\">Hasznos linkek<\/a><\/figcaption><\/figure><\/div>\n<\/div>\n<\/div>\n\n\n\n<p><\/p>\n","protected":false},"excerpt":{"rendered":"<p>Informatikai tan\u00e1csad\u00e1sProjektbonyol\u00edt\u00e1sEngineeringSzolg\u00e1ltat\u00e1s \u00e9sAlkalmaz\u00e1smanagement Tel.: +36(30)944-9637E-mail: office@v-comp.hu<\/p>\n","protected":false},"author":1,"featured_media":0,"parent":0,"menu_order":0,"comment_status":"closed","ping_status":"closed","template":"","meta":{"_editorskit_title_hidden":false,"_editorskit_reading_time":0,"_editorskit_is_block_options_detached":false,"_editorskit_block_options_position":"{}","footnotes":""},"class_list":["post-29","page","type-page","status-publish","hentry"],"_links":{"self":[{"href":"https:\/\/www.v-comp.hu\/index.php?rest_route=\/wp\/v2\/pages\/29","targetHints":{"allow":["GET"]}}],"collection":[{"href":"https:\/\/www.v-comp.hu\/index.php?rest_route=\/wp\/v2\/pages"}],"about":[{"href":"https:\/\/www.v-comp.hu\/index.php?rest_route=\/wp\/v2\/types\/page"}],"author":[{"embeddable":true,"href":"https:\/\/www.v-comp.hu\/index.php?rest_route=\/wp\/v2\/users\/1"}],"replies":[{"embeddable":true,"href":"https:\/\/www.v-comp.hu\/index.php?rest_route=%2Fwp%2Fv2%2Fcomments&post=29"}],"version-history":[{"count":8,"href":"https:\/\/www.v-comp.hu\/index.php?rest_route=\/wp\/v2\/pages\/29\/revisions"}],"predecessor-version":[{"id":721,"href":"https:\/\/www.v-comp.hu\/index.php?rest_route=\/wp\/v2\/pages\/29\/revisions\/721"}],"wp:attachment":[{"href":"https:\/\/www.v-comp.hu\/index.php?rest_route=%2Fwp%2Fv2%2Fmedia&parent=29"}],"curies":[{"name":"wp","href":"https:\/\/api.w.org\/{rel}","templated":true}]}}