{"id":349,"date":"2022-03-07T20:36:57","date_gmt":"2022-03-07T19:36:57","guid":{"rendered":"https:\/\/v-comp.ch.webhost.v-comp.ch\/?page_id=349"},"modified":"2023-03-26T17:19:57","modified_gmt":"2023-03-26T15:19:57","slug":"anfahrt","status":"publish","type":"page","link":"https:\/\/www.v-comp.hu\/?page_id=349&lang=de","title":{"rendered":"Anfahrt"},"content":{"rendered":"\n<div class=\"wp-block-columns is-layout-flex wp-container-core-columns-is-layout-9d6595d7 wp-block-columns-is-layout-flex\">\n<div class=\"wp-block-column is-layout-flow wp-block-column-is-layout-flow\" style=\"flex-basis:33.33%\"><\/div>\n\n\n\n<div class=\"wp-block-column is-layout-flow wp-block-column-is-layout-flow\" style=\"flex-basis:66.66%\">\n<p class=\"has-text-align-justify\">Esztergom ist mit dem Auto von Budapest aus \u00fcber die Bundesstrasse 10 oder auf einem gem\u00fctlichen Gebirgenweg \u00fcber Dobog\u00f3k\u0151 zu erreichen.<\/p>\n\n\n\n<p class=\"has-text-align-justify\">Die Z\u00fcge verkehren von Budapest\/Westbahnhof halbst\u00fcndlich nach Esztergom.<br>Wir empfehlen noch die Busse von Budapest\/\u00c1rp\u00e1d-Br\u00fccke, die auch halbst\u00fcndlich verkehren.<\/p>\n\n\n\n<p class=\"has-text-align-justify\">Unser B\u00fcro liegt in der Czuczor G. Strasse 2 in Esztergom, gegen\u00fcber dem alten Stadtbad gleich an der Promenade Kleine-Donau.<\/p>\n<\/div>\n<\/div>\n\n\n\n<p><\/p>\n","protected":false},"excerpt":{"rendered":"<p>Esztergom ist mit dem Auto von Budapest aus \u00fcber die Bundesstrasse 10 oder auf einem gem\u00fctlichen Gebirgenweg \u00fcber Dobog\u00f3k\u0151 zu erreichen. Die Z\u00fcge verkehren von Budapest\/Westbahnhof halbst\u00fcndlich nach Esztergom.Wir empfehlen noch die Busse von Budapest\/\u00c1rp\u00e1d-Br\u00fccke, die auch halbst\u00fcndlich verkehren. Unser B\u00fcro liegt in der Czuczor G. Strasse 2 in Esztergom, gegen\u00fcber dem alten Stadtbad gleich &hellip; <a href=\"https:\/\/www.v-comp.hu\/?page_id=349&#038;lang=de\" class=\"more-link\">Continue reading<span class=\"screen-reader-text\"> &#8220;Anfahrt&#8221;<\/span><\/a><\/p>\n","protected":false},"author":1,"featured_media":0,"parent":0,"menu_order":0,"comment_status":"closed","ping_status":"closed","template":"","meta":{"_editorskit_title_hidden":false,"_editorskit_reading_time":0,"_editorskit_is_block_options_detached":false,"_editorskit_block_options_position":"{}","footnotes":""},"class_list":["post-349","page","type-page","status-publish","hentry"],"_links":{"self":[{"href":"https:\/\/www.v-comp.hu\/index.php?rest_route=\/wp\/v2\/pages\/349","targetHints":{"allow":["GET"]}}],"collection":[{"href":"https:\/\/www.v-comp.hu\/index.php?rest_route=\/wp\/v2\/pages"}],"about":[{"href":"https:\/\/www.v-comp.hu\/index.php?rest_route=\/wp\/v2\/types\/page"}],"author":[{"embeddable":true,"href":"https:\/\/www.v-comp.hu\/index.php?rest_route=\/wp\/v2\/users\/1"}],"replies":[{"embeddable":true,"href":"https:\/\/www.v-comp.hu\/index.php?rest_route=%2Fwp%2Fv2%2Fcomments&post=349"}],"version-history":[{"count":3,"href":"https:\/\/www.v-comp.hu\/index.php?rest_route=\/wp\/v2\/pages\/349\/revisions"}],"predecessor-version":[{"id":781,"href":"https:\/\/www.v-comp.hu\/index.php?rest_route=\/wp\/v2\/pages\/349\/revisions\/781"}],"wp:attachment":[{"href":"https:\/\/www.v-comp.hu\/index.php?rest_route=%2Fwp%2Fv2%2Fmedia&parent=349"}],"curies":[{"name":"wp","href":"https:\/\/api.w.org\/{rel}","templated":true}]}}