{"id":380,"date":"2022-03-07T21:10:46","date_gmt":"2022-03-07T20:10:46","guid":{"rendered":"https:\/\/v-comp.ch.webhost.v-comp.ch\/?page_id=380"},"modified":"2023-03-26T17:31:34","modified_gmt":"2023-03-26T15:31:34","slug":"betrieb-wartung","status":"publish","type":"page","link":"https:\/\/www.v-comp.hu\/?page_id=380&lang=de","title":{"rendered":"Betrieb, Wartung"},"content":{"rendered":"\n<div class=\"wp-block-columns is-layout-flex wp-container-core-columns-is-layout-9d6595d7 wp-block-columns-is-layout-flex\">\n<div class=\"wp-block-column is-layout-flow wp-block-column-is-layout-flow\" style=\"flex-basis:33.33%\">\n<figure class=\"wp-block-image size-full\"><img loading=\"lazy\" decoding=\"async\" width=\"290\" height=\"148\" src=\"https:\/\/www.v-comp.hu\/wp-content\/uploads\/2022\/03\/szerverszoba.jpg\" alt=\"\" class=\"wp-image-199\"\/><\/figure>\n<\/div>\n\n\n\n<div class=\"wp-block-column is-layout-flow wp-block-column-is-layout-flow\" style=\"flex-basis:66.66%\">\n<p class=\"has-text-align-justify\">Nachdem die integrierten L\u00f6sungen in Betrieb genommen wurden, muss man einen kontrollierten Betrieb gew\u00e4hrleisten. Die potentiellen Probleme sollen im Voraus erkannt werden &#8211; m\u00f6glichst vor den betroffenen Benutzern &#8211; und die Behebung bzw. Vorbeugung soll auch rechtzeitig eingeleitet werden.<\/p>\n\n\n\n<p class=\"has-text-align-justify\"> Unsere Erfahrung und Kompetenz im Monitoring und Applikation Management hilft uns, die optimalen massgeschneiderten und g\u00fcnstigsten L\u00f6sungen f\u00fcr die Aufgabe auszuw\u00e4hlen. Unter Monitoring verstehen wir die \u00dcberwachung der Betriebssystemresourcen bis auf die Komponenten der Applikationen mit automatisierter Verf\u00fcgbarkeitsanalyse der einzelnen Applikationsservices. Daf\u00fcr k\u00f6nnen wir globale, integrierte L\u00f6sungen anbieten. Die Monitoring Funktionen unserer L\u00f6sung k\u00f6nnen wir mit vorhandenen Enterprise L\u00f6sungen (wie HP OpenView, BigBrother) verbinden. Alarming wird abh\u00e4ngig von den technischen M\u00f6glichkeiten des Auftraggebers implementieret (SMS, Telefon, Email, &#8230;)<\/p>\n<\/div>\n<\/div>\n","protected":false},"excerpt":{"rendered":"<p>Nachdem die integrierten L\u00f6sungen in Betrieb genommen wurden, muss man einen kontrollierten Betrieb gew\u00e4hrleisten. Die potentiellen Probleme sollen im Voraus erkannt werden &#8211; m\u00f6glichst vor den betroffenen Benutzern &#8211; und die Behebung bzw. Vorbeugung soll auch rechtzeitig eingeleitet werden. Unsere Erfahrung und Kompetenz im Monitoring und Applikation Management hilft uns, die optimalen massgeschneiderten und g\u00fcnstigsten &hellip; <a href=\"https:\/\/www.v-comp.hu\/?page_id=380&#038;lang=de\" class=\"more-link\">Continue reading<span class=\"screen-reader-text\"> &#8220;Betrieb, Wartung&#8221;<\/span><\/a><\/p>\n","protected":false},"author":1,"featured_media":0,"parent":0,"menu_order":0,"comment_status":"closed","ping_status":"closed","template":"","meta":{"_editorskit_title_hidden":false,"_editorskit_reading_time":0,"_editorskit_is_block_options_detached":false,"_editorskit_block_options_position":"{}","footnotes":""},"class_list":["post-380","page","type-page","status-publish","hentry"],"_links":{"self":[{"href":"https:\/\/www.v-comp.hu\/index.php?rest_route=\/wp\/v2\/pages\/380","targetHints":{"allow":["GET"]}}],"collection":[{"href":"https:\/\/www.v-comp.hu\/index.php?rest_route=\/wp\/v2\/pages"}],"about":[{"href":"https:\/\/www.v-comp.hu\/index.php?rest_route=\/wp\/v2\/types\/page"}],"author":[{"embeddable":true,"href":"https:\/\/www.v-comp.hu\/index.php?rest_route=\/wp\/v2\/users\/1"}],"replies":[{"embeddable":true,"href":"https:\/\/www.v-comp.hu\/index.php?rest_route=%2Fwp%2Fv2%2Fcomments&post=380"}],"version-history":[{"count":3,"href":"https:\/\/www.v-comp.hu\/index.php?rest_route=\/wp\/v2\/pages\/380\/revisions"}],"predecessor-version":[{"id":799,"href":"https:\/\/www.v-comp.hu\/index.php?rest_route=\/wp\/v2\/pages\/380\/revisions\/799"}],"wp:attachment":[{"href":"https:\/\/www.v-comp.hu\/index.php?rest_route=%2Fwp%2Fv2%2Fmedia&parent=380"}],"curies":[{"name":"wp","href":"https:\/\/api.w.org\/{rel}","templated":true}]}}