{"id":422,"date":"2022-03-07T21:58:07","date_gmt":"2022-03-07T20:58:07","guid":{"rendered":"https:\/\/v-comp.ch.webhost.v-comp.ch\/?page_id=422"},"modified":"2022-03-08T18:17:00","modified_gmt":"2022-03-08T17:17:00","slug":"contact-details","status":"publish","type":"page","link":"https:\/\/www.v-comp.hu\/?page_id=422&lang=en","title":{"rendered":"Contact, Details"},"content":{"rendered":"\n<div class=\"wp-block-columns is-layout-flex wp-container-core-columns-is-layout-9d6595d7 wp-block-columns-is-layout-flex\">\n<div class=\"wp-block-column is-layout-flow wp-block-column-is-layout-flow\" style=\"flex-basis:33.33%\">\n<figure class=\"wp-block-image size-full\"><img loading=\"lazy\" decoding=\"async\" width=\"305\" height=\"140\" src=\"https:\/\/www.v-comp.hu\/wp-content\/uploads\/2022\/03\/ingatlanok.jpg\" alt=\"\" class=\"wp-image-31\" srcset=\"https:\/\/www.v-comp.hu\/wp-content\/uploads\/2022\/03\/ingatlanok.jpg 305w, https:\/\/www.v-comp.hu\/wp-content\/uploads\/2022\/03\/ingatlanok-300x138.jpg 300w\" sizes=\"auto, (max-width: 305px) 85vw, 305px\" \/><\/figure>\n<\/div>\n\n\n\n<div class=\"wp-block-column is-layout-flow wp-block-column-is-layout-flow\" style=\"flex-basis:66.66%\">\n<p><strong>Contact:<\/strong><\/p>\n\n\n\n<figure class=\"wp-block-table alignleft\"><table><tbody><tr><td>Office:<\/td><td>office@v-comp.hu<\/td><\/tr><tr><td>Technical support:<\/td><td>support@v-comp.hu<\/td><\/tr><tr><td>Helpdesk:<\/td><td>help@v-comp.hu<\/td><\/tr><tr><td>Telefon:<\/td><td>+36(30)944-9637<\/td><\/tr><\/tbody><\/table><\/figure>\n\n\n\n<p><strong>Company details<\/strong>:<\/p>\n\n\n\n<figure class=\"wp-block-table alignleft is-style-regular\"><table><tbody><tr><td class=\"has-text-align-left\" data-align=\"left\">Name:<\/td><td>V-Comp Kereskedelmi \u00e9s Szolg\u00e1ltat\u00f3 Kft.<\/td><\/tr><tr><td class=\"has-text-align-left\" data-align=\"left\">Headquarter:<\/td><td>HU- 2500 Esztergom<br>Czuczor G. u. 2<\/td><\/tr><tr><td class=\"has-text-align-left\" data-align=\"left\">Office:<\/td><td>HU- 2500 Esztergom<br>Czuczor G. u. 2<\/td><\/tr><tr><td class=\"has-text-align-left\" data-align=\"left\">Postal address:<\/td><td>HU- 2500 Esztergom<br>Czuczor G. u. 2<\/td><\/tr><tr><td class=\"has-text-align-left\" data-align=\"left\"><\/td><td><\/td><\/tr><tr><td class=\"has-text-align-left\" data-align=\"left\">Company register nr.:<\/td><td>Cg. 11-09-015789<\/td><\/tr><tr><td class=\"has-text-align-left\" data-align=\"left\">TAX ID:<\/td><td>11470964-2-11<\/td><\/tr><tr><td class=\"has-text-align-left\" data-align=\"left\">IBAN:<\/td><td>HU60 \/ 10700361-25144602-51100005<\/td><\/tr><tr><td class=\"has-text-align-left\" data-align=\"left\">Swift Code:<\/td><td>CIBHUHB<\/td><\/tr><\/tbody><\/table><\/figure>\n<\/div>\n<\/div>\n","protected":false},"excerpt":{"rendered":"<p>Contact: Office: office@v-comp.hu Technical support: support@v-comp.hu Helpdesk: help@v-comp.hu Telefon: +36(30)944-9637 Company details: Name: V-Comp Kereskedelmi \u00e9s Szolg\u00e1ltat\u00f3 Kft. Headquarter: HU- 2500 EsztergomCzuczor G. u. 2 Office: HU- 2500 EsztergomCzuczor G. u. 2 Postal address: HU- 2500 EsztergomCzuczor G. u. 2 Company register nr.: Cg. 11-09-015789 TAX ID: 11470964-2-11 IBAN: HU60 \/ 10700361-25144602-51100005 Swift Code: CIBHUHB<\/p>\n","protected":false},"author":1,"featured_media":0,"parent":0,"menu_order":0,"comment_status":"closed","ping_status":"closed","template":"","meta":{"_editorskit_title_hidden":false,"_editorskit_reading_time":0,"_editorskit_is_block_options_detached":false,"_editorskit_block_options_position":"{}","footnotes":""},"class_list":["post-422","page","type-page","status-publish","hentry"],"_links":{"self":[{"href":"https:\/\/www.v-comp.hu\/index.php?rest_route=\/wp\/v2\/pages\/422","targetHints":{"allow":["GET"]}}],"collection":[{"href":"https:\/\/www.v-comp.hu\/index.php?rest_route=\/wp\/v2\/pages"}],"about":[{"href":"https:\/\/www.v-comp.hu\/index.php?rest_route=\/wp\/v2\/types\/page"}],"author":[{"embeddable":true,"href":"https:\/\/www.v-comp.hu\/index.php?rest_route=\/wp\/v2\/users\/1"}],"replies":[{"embeddable":true,"href":"https:\/\/www.v-comp.hu\/index.php?rest_route=%2Fwp%2Fv2%2Fcomments&post=422"}],"version-history":[{"count":2,"href":"https:\/\/www.v-comp.hu\/index.php?rest_route=\/wp\/v2\/pages\/422\/revisions"}],"predecessor-version":[{"id":626,"href":"https:\/\/www.v-comp.hu\/index.php?rest_route=\/wp\/v2\/pages\/422\/revisions\/626"}],"wp:attachment":[{"href":"https:\/\/www.v-comp.hu\/index.php?rest_route=%2Fwp%2Fv2%2Fmedia&parent=422"}],"curies":[{"name":"wp","href":"https:\/\/api.w.org\/{rel}","templated":true}]}}