{"id":90,"date":"2022-03-07T15:07:47","date_gmt":"2022-03-07T14:07:47","guid":{"rendered":"https:\/\/v-comp.ch.webhost.v-comp.ch\/?page_id=90"},"modified":"2022-03-08T18:17:19","modified_gmt":"2022-03-08T17:17:19","slug":"kapcsolat-cegadatok","status":"publish","type":"page","link":"https:\/\/www.v-comp.hu\/?page_id=90","title":{"rendered":"Kapcsolat, C\u00e9gadatok"},"content":{"rendered":"\n<div class=\"wp-block-columns is-layout-flex wp-container-core-columns-is-layout-9d6595d7 wp-block-columns-is-layout-flex\">\n<div class=\"wp-block-column is-layout-flow wp-block-column-is-layout-flow\" style=\"flex-basis:33.33%\">\n<figure class=\"wp-block-image size-full\"><img loading=\"lazy\" decoding=\"async\" width=\"305\" height=\"140\" src=\"https:\/\/www.v-comp.hu\/wp-content\/uploads\/2022\/03\/ingatlanok.jpg\" alt=\"\" class=\"wp-image-31\" srcset=\"https:\/\/www.v-comp.hu\/wp-content\/uploads\/2022\/03\/ingatlanok.jpg 305w, https:\/\/www.v-comp.hu\/wp-content\/uploads\/2022\/03\/ingatlanok-300x138.jpg 300w\" sizes=\"auto, (max-width: 305px) 85vw, 305px\" \/><\/figure>\n<\/div>\n\n\n\n<div class=\"wp-block-column is-layout-flow wp-block-column-is-layout-flow\" style=\"flex-basis:66.66%\">\n<p><strong>El\u00e9rhet\u0151s\u00e9geink:<\/strong><\/p>\n\n\n\n<figure class=\"wp-block-table alignleft\"><table><tbody><tr><td>Iroda:<\/td><td>office@v-comp.hu<\/td><\/tr><tr><td>Technikai t\u00e1mogat\u00e1s:<\/td><td>support@v-comp.hu<\/td><\/tr><tr><td>Helpdesk:<\/td><td>help@v-comp.hu<\/td><\/tr><tr><td>Telefon:<\/td><td>+36(30)944-9637<\/td><\/tr><\/tbody><\/table><\/figure>\n\n\n\n<p><strong>C\u00e9gadatok<\/strong>:<\/p>\n\n\n\n<figure class=\"wp-block-table alignleft is-style-regular\"><table><tbody><tr><td class=\"has-text-align-left\" data-align=\"left\">C\u00e9gn\u00e9v:<\/td><td>V-Comp Kereskedelmi \u00e9s Szolg\u00e1ltat\u00f3 Kft.<\/td><\/tr><tr><td class=\"has-text-align-left\" data-align=\"left\">Sz\u00e9khely:<\/td><td>HU-2500 Esztergom<br>Czuczor G. u. 2<\/td><\/tr><tr><td class=\"has-text-align-left\" data-align=\"left\">Telephely:<\/td><td>HU-2500 Esztergom<br>Czuczor G. u. 2<\/td><\/tr><tr><td class=\"has-text-align-left\" data-align=\"left\">Postac\u00edm:<\/td><td>HU-2500 Esztergom<br>Czuczor G. u. 2<\/td><\/tr><tr><td class=\"has-text-align-left\" data-align=\"left\"><\/td><td><\/td><\/tr><tr><td class=\"has-text-align-left\" data-align=\"left\">C\u00e9gjegy\u00e9ksz\u00e1m:<\/td><td>Cg. 11-09-015789<\/td><\/tr><tr><td class=\"has-text-align-left\" data-align=\"left\">Ad\u00f3sz\u00e1m:<\/td><td>11470964-2-11<\/td><\/tr><tr><td class=\"has-text-align-left\" data-align=\"left\">IBAN:<\/td><td>HU60 \/ 10700361-25144602-51100005<\/td><\/tr><tr><td class=\"has-text-align-left\" data-align=\"left\">Swift Code:<\/td><td>CIBHUHB<\/td><\/tr><\/tbody><\/table><\/figure>\n<\/div>\n<\/div>\n","protected":false},"excerpt":{"rendered":"<p>El\u00e9rhet\u0151s\u00e9geink: Iroda: office@v-comp.hu Technikai t\u00e1mogat\u00e1s: support@v-comp.hu Helpdesk: help@v-comp.hu Telefon: +36(30)944-9637 C\u00e9gadatok: C\u00e9gn\u00e9v: V-Comp Kereskedelmi \u00e9s Szolg\u00e1ltat\u00f3 Kft. Sz\u00e9khely: HU-2500 EsztergomCzuczor G. u. 2 Telephely: HU-2500 EsztergomCzuczor G. u. 2 Postac\u00edm: HU-2500 EsztergomCzuczor G. u. 2 C\u00e9gjegy\u00e9ksz\u00e1m: Cg. 11-09-015789 Ad\u00f3sz\u00e1m: 11470964-2-11 IBAN: HU60 \/ 10700361-25144602-51100005 Swift Code: CIBHUHB<\/p>\n","protected":false},"author":1,"featured_media":0,"parent":0,"menu_order":0,"comment_status":"closed","ping_status":"closed","template":"","meta":{"_editorskit_title_hidden":false,"_editorskit_reading_time":0,"_editorskit_is_block_options_detached":false,"_editorskit_block_options_position":"{}","footnotes":""},"class_list":["post-90","page","type-page","status-publish","hentry"],"_links":{"self":[{"href":"https:\/\/www.v-comp.hu\/index.php?rest_route=\/wp\/v2\/pages\/90","targetHints":{"allow":["GET"]}}],"collection":[{"href":"https:\/\/www.v-comp.hu\/index.php?rest_route=\/wp\/v2\/pages"}],"about":[{"href":"https:\/\/www.v-comp.hu\/index.php?rest_route=\/wp\/v2\/types\/page"}],"author":[{"embeddable":true,"href":"https:\/\/www.v-comp.hu\/index.php?rest_route=\/wp\/v2\/users\/1"}],"replies":[{"embeddable":true,"href":"https:\/\/www.v-comp.hu\/index.php?rest_route=%2Fwp%2Fv2%2Fcomments&post=90"}],"version-history":[{"count":2,"href":"https:\/\/www.v-comp.hu\/index.php?rest_route=\/wp\/v2\/pages\/90\/revisions"}],"predecessor-version":[{"id":627,"href":"https:\/\/www.v-comp.hu\/index.php?rest_route=\/wp\/v2\/pages\/90\/revisions\/627"}],"wp:attachment":[{"href":"https:\/\/www.v-comp.hu\/index.php?rest_route=%2Fwp%2Fv2%2Fmedia&parent=90"}],"curies":[{"name":"wp","href":"https:\/\/api.w.org\/{rel}","templated":true}]}}